{"id":499,"date":"2026-04-09T09:52:50","date_gmt":"2026-04-09T09:52:50","guid":{"rendered":"https:\/\/hoaithu.azdigi.shop\/?post_type=product&#038;p=499"},"modified":"2026-04-12T03:55:53","modified_gmt":"2026-04-12T03:55:53","slug":"tinh-chat-bi-dao-cocoon","status":"publish","type":"product","link":"https:\/\/hoaithu.azdigi.shop\/index.php\/san-pham\/tinh-chat-bi-dao-cocoon\/","title":{"rendered":"Tinh Ch\u1ea5t B\u00ed \u0110ao Cocoon | Winter Melon Serum 70ml Ch\u00ednh H\u00e3ng"},"content":{"rendered":"<h1><strong>Tinh Ch\u1ea5t Tr\u00e0m Tr\u00e0 H\u01b0ng Y\u00ean &#8211; Cocoon (Winter Melon Serum)<\/strong><\/h1>\n<p>Tinh Ch\u1ea5t B\u00ed \u0110ao Cocoon Winter Melon Serum 70ml\u00a0l\u00e0 d\u00f2ng\u00a0<a href=\"https:\/\/hasaki.vn\/danh-muc\/serum-tinh-chat-c75.html\">serum<\/a>\u00a0ch\u0103m s\u00f3c da m\u1ee5n c\u1ee7a\u00a0th\u01b0\u01a1ng hi\u1ec7u m\u1ef9 ph\u1ea9m thu\u1ea7n chay\u00a0<strong><a href=\"https:\/\/hoaithu.azdigi.shop\/index.php\/thuong-hieu\/cocoon\/\">Cocoon<\/a><\/strong>\u00a0xu\u1ea5t x\u1ee9 Vi\u1ec7t Nam. S\u1ea3n ph\u1ea9m ch\u1ee9a\u00a0c\u00e1c th\u00e0nh ph\u1ea7n t\u1eeb th\u1ef1c v\u1eadt l\u00e0m ch\u1ee7 \u0111\u1ea1o g\u1ed3m chi\u1ebft xu\u1ea5t b\u00ed \u0111ao, rau m\u00e1, tr\u00e0m tr\u00e0 v\u00e0 \u0111\u01b0\u1ee3c b\u1ed5 sung th\u00eam 7% Niacinamide (vitamin B3)\u00a0gi\u00fap h\u1ed7 tr\u1ee3 ph\u1ee5c h\u1ed3i t\u00ecnh tr\u1ea1ng da m\u1ee5n vi\u00eam v\u00e0 \u1eedng \u0111\u1ecf hi\u1ec7u qu\u1ea3, mang l\u1ea1i l\u00e0n da th\u00f4ng tho\u00e1ng v\u00e0 s\u00e1ng m\u1ecbn m\u00e0ng.<\/p>\n<p><img loading=\"lazy\" decoding=\"async\" class=\" wp-image-500 aligncenter\" src=\"https:\/\/hoaithu.azdigi.shop\/wp-content\/uploads\/2026\/04\/tc9-300x300.webp\" alt=\"\" width=\"841\" height=\"841\" srcset=\"https:\/\/hoaithu.azdigi.shop\/wp-content\/uploads\/2026\/04\/tc9-300x300.webp 300w, https:\/\/hoaithu.azdigi.shop\/wp-content\/uploads\/2026\/04\/tc9-150x150.webp 150w, https:\/\/hoaithu.azdigi.shop\/wp-content\/uploads\/2026\/04\/tc9-768x768.webp 768w, https:\/\/hoaithu.azdigi.shop\/wp-content\/uploads\/2026\/04\/tc9-600x600.webp 600w, https:\/\/hoaithu.azdigi.shop\/wp-content\/uploads\/2026\/04\/tc9-100x100.webp 100w, https:\/\/hoaithu.azdigi.shop\/wp-content\/uploads\/2026\/04\/tc9.webp 1000w\" sizes=\"auto, (max-width: 841px) 100vw, 841px\" \/><\/p>\n<p>inh ch\u1ea5t l\u00e0 b\u01b0\u1edbc ch\u0103m s\u00f3c da quan tr\u1ecdng, \u0111\u01b0\u1ee3c v\u00ed nh\u01b0 &#8220;m\u00f3n ch\u00ednh&#8221; sau c\u00e1c &#8220;m\u00f3n khai v\u1ecb&#8221; nh\u01b0\u00a0s\u1eefa r\u1eeda m\u1eb7t v\u00e0 toner,\u00a0gi\u00fap b\u1ed5 sung t\u1ea5t c\u1ea3 c\u00e1c ch\u1ea5t dinh d\u01b0\u1ee1ng quan tr\u1ecdng nh\u1eb1m c\u1ea3i thi\u1ec7n c\u00e1c v\u1ea5n \u0111\u1ec1 v\u1ec1 da c\u1ee5 th\u1ec3, sau \u0111\u00f3 k\u1ebft th\u00fac b\u1eb1ng &#8220;m\u00f3n tr\u00e1ng mi\u1ec7ng&#8221; l\u00e0 kem d\u01b0\u1ee1ng \u0111\u1ec3 kh\u00f3a \u1ea9m cho da, nh\u1eb1m ho\u00e0n thi\u1ec7n m\u1ed9t quy tr\u00ecnh ch\u0103m s\u00f3c da \u0111\u1ea7y \u0111\u1ee7.<\/p>\n<p>Th\u1ea5u hi\u1ec3u nh\u1eefng v\u1ea5n \u0111\u1ec1 c\u1ee7a l\u00e0n da d\u1ea7u m\u1ee5n, th\u01b0\u01a1ng hi\u1ec7u m\u1ef9 ph\u1ea9m Cocoon Vietnam \u0111\u00e3 cho ra \u0111\u1eddi d\u00f2ng tinh ch\u1ea5t \u0111\u1eb7c bi\u1ec7t &#8211;\u00a0<strong>Tinh Ch\u1ea5t B\u00ed \u0110ao Cocoon Winter Melon Serum\u00a0<\/strong>v\u1edbi s\u1ef1 k\u1ebft h\u1ee3p c\u1ee7a c\u00e1c chi\u1ebft xu\u1ea5t t\u1ef1 nhi\u00ean t\u1eeb b\u00ed \u0111ao, rau m\u00e1, tr\u00e0m tr\u00e0 v\u00e0 \u0111\u1eb7c bi\u1ec7t \u0111\u01b0\u1ee3c b\u1ed5 sung th\u00eam 7% Niacinamide (vitamin B3) gi\u00fap ph\u1ee5c h\u1ed3i m\u1ea1nh m\u1ebd t\u00ecnh tr\u1ea1ng da m\u1ee5n v\u00e0 \u1eedng \u0111\u1ecf sau t\u1eeb 14 \u0111\u1ebfn 28 ng\u00e0y s\u1eed d\u1ee5ng.<\/p>\n<p><strong>Tinh Ch\u1ea5t B\u00ed \u0110ao Cocoon Winter Melon Serum<\/strong>\u00a0hi\u1ec7n \u0111\u00e3 c\u00f3 m\u1eb7t t\u1ea1i <strong><a href=\"https:\/\/hoaithu.azdigi.shop\/\">Outlier<\/a>\u00a0<\/strong>v\u1edbi 2 quy c\u00e1ch \u0111\u00f3ng g\u00f3i:\u00a0<strong>1 chai; Combo 2 chai (70ml\/chai).<\/strong><\/p>\n<p><img loading=\"lazy\" decoding=\"async\" class=\" wp-image-501 aligncenter\" src=\"https:\/\/hoaithu.azdigi.shop\/wp-content\/uploads\/2026\/04\/tc3-300x300.jpg\" alt=\"\" width=\"844\" height=\"844\" srcset=\"https:\/\/hoaithu.azdigi.shop\/wp-content\/uploads\/2026\/04\/tc3-300x300.jpg 300w, https:\/\/hoaithu.azdigi.shop\/wp-content\/uploads\/2026\/04\/tc3-150x150.jpg 150w, https:\/\/hoaithu.azdigi.shop\/wp-content\/uploads\/2026\/04\/tc3-768x768.jpg 768w, https:\/\/hoaithu.azdigi.shop\/wp-content\/uploads\/2026\/04\/tc3-600x600.jpg 600w, https:\/\/hoaithu.azdigi.shop\/wp-content\/uploads\/2026\/04\/tc3-100x100.jpg 100w, https:\/\/hoaithu.azdigi.shop\/wp-content\/uploads\/2026\/04\/tc3.jpg 1024w\" sizes=\"auto, (max-width: 844px) 100vw, 844px\" \/><\/p>\n<h3><strong>Tinh Ch\u1ea5t B\u00ed \u0110ao Cocoon Winter Melon Serum <\/strong><strong>ph\u00f9 h\u1ee3p v\u1edbi lo\u1ea1i da n\u00e0o?<\/strong><\/h3>\n<ul>\n<li>Da d\u1ea7u.<\/li>\n<li>Da h\u1ed7n h\u1ee3p thi\u00ean d\u1ea7u.<\/li>\n<li>Da c\u00f3 t\u00ecnh tr\u1ea1ng m\u1ee5n (m\u1ee5n s\u01b0ng vi\u00eam, m\u1ee5n \u1ea9n, m\u1ee5n tr\u1ee9ng c\u00e1).<\/li>\n<\/ul>\n<h3><strong>\u0110\u1ed1i t\u01b0\u1ee3ng s\u1eed d\u1ee5ng <\/strong><strong>Tinh Ch\u1ea5t B\u00ed \u0110ao Cocoon Winter Melon Serum<\/strong><\/h3>\n<p>Ng\u01b0\u1eddi c\u00f3 l\u00e0n da th\u01b0\u1eddng xuy\u00ean b\u00f3ng nh\u1eddn, l\u1ed7 ch\u00e2n l\u00f4ng to.<\/p>\n<ul>\n<li>H\u1ecdc sinh, sinh vi\u00ean ho\u1eb7c ng\u01b0\u1eddi tr\u01b0\u1edfng th\u00e0nh \u0111ang g\u1eb7p v\u1ea5n \u0111\u1ec1 v\u1ec1 m\u1ee5n.<\/li>\n<li>Ng\u01b0\u1eddi y\u00eau th\u00edch m\u1ef9 ph\u1ea9m thu\u1ea7n chay (Vegan), kh\u00f4ng th\u1eed nghi\u1ec7m tr\u00ean \u0111\u1ed9ng v\u1eadt v\u00e0 \u01b0u ti\u00ean chi\u1ebft xu\u1ea5t t\u1eeb th\u1ef1c v\u1eadt Vi\u1ec7t Nam.<\/li>\n<\/ul>\n<p><img loading=\"lazy\" decoding=\"async\" class=\" wp-image-502 aligncenter\" src=\"https:\/\/hoaithu.azdigi.shop\/wp-content\/uploads\/2026\/04\/tc6-300x300.png\" alt=\"\" width=\"835\" height=\"835\" srcset=\"https:\/\/hoaithu.azdigi.shop\/wp-content\/uploads\/2026\/04\/tc6-300x300.png 300w, https:\/\/hoaithu.azdigi.shop\/wp-content\/uploads\/2026\/04\/tc6-150x150.png 150w, https:\/\/hoaithu.azdigi.shop\/wp-content\/uploads\/2026\/04\/tc6-768x768.png 768w, https:\/\/hoaithu.azdigi.shop\/wp-content\/uploads\/2026\/04\/tc6-600x600.png 600w, https:\/\/hoaithu.azdigi.shop\/wp-content\/uploads\/2026\/04\/tc6-100x100.png 100w, https:\/\/hoaithu.azdigi.shop\/wp-content\/uploads\/2026\/04\/tc6.png 1000w\" sizes=\"auto, (max-width: 835px) 100vw, 835px\" \/><\/p>\n<h3><strong>\u01afu th\u1ebf n\u1ed5i b\u1eadt c\u1ee7a <\/strong><strong>Tinh Ch\u1ea5t B\u00ed \u0110ao Cocoon Winter Melon Serum<\/strong><\/h3>\n<ul>\n<li><strong>C\u00f4ng th\u1ee9c 4 kh\u00f4ng:<\/strong> Kh\u00f4ng c\u1ed3n, kh\u00f4ng sulfate, kh\u00f4ng d\u1ea7u kho\u00e1ng, kh\u00f4ng paraben.<\/li>\n<li><strong>Kh\u1ea3 n\u0103ng ki\u1ec3m so\u00e1t d\u1ea7u c\u1ef1c t\u1ed1t:<\/strong> Gi\u00fap b\u1ec1 m\u1eb7t da th\u00f4ng tho\u00e1ng su\u1ed1t nhi\u1ec1u gi\u1edd.<\/li>\n<li><strong>Th\u00e0nh ph\u1ea7n b\u1ea3n \u0111\u1ecba:<\/strong> S\u1eed d\u1ee5ng b\u00ed \u0111ao t\u1eeb v\u00f9ng nguy\u00ean li\u1ec7u Vi\u1ec7t Nam, gi\u00fap l\u00e0m m\u00e1t v\u00e0 gi\u1ea3m nhi\u1ec7t cho da hi\u1ec7u qu\u1ea3.<\/li>\n<li><strong>K\u1ebft c\u1ea5u:<\/strong> D\u1ea1ng l\u1ecfng, th\u1ea9m th\u1ea5u nhanh, kh\u00f4ng g\u00e2y b\u1ebft r\u00edt hay b\u00ed b\u00e1ch cho da m\u1ee5n.<\/li>\n<\/ul>\n<h3><strong>\u0110\u1ed9 an to\u00e0n:\u00a0<\/strong><\/h3>\n<ul>\n<li>Kh\u00f4ng ch\u1ee9a c\u1ed3n v\u00e0 Paraben<\/li>\n<li>100% thu\u1ea7n chay<\/li>\n<li>Kh\u00f4ng th\u1eed nghi\u1ec7m tr\u00ean \u0111\u1ed9ng v\u1eadt, kh\u00f4ng ch\u1ee9a th\u00e0nh ph\u1ea7n t\u1eeb \u0111\u1ed9ng v\u1eadt.<\/li>\n<\/ul>\n<p><img loading=\"lazy\" decoding=\"async\" class=\"alignnone wp-image-505\" src=\"https:\/\/hoaithu.azdigi.shop\/wp-content\/uploads\/2026\/04\/tc15-300x300.jpg\" alt=\"\" width=\"586\" height=\"586\" srcset=\"https:\/\/hoaithu.azdigi.shop\/wp-content\/uploads\/2026\/04\/tc15-300x300.jpg 300w, https:\/\/hoaithu.azdigi.shop\/wp-content\/uploads\/2026\/04\/tc15-150x150.jpg 150w, https:\/\/hoaithu.azdigi.shop\/wp-content\/uploads\/2026\/04\/tc15-100x100.jpg 100w, https:\/\/hoaithu.azdigi.shop\/wp-content\/uploads\/2026\/04\/tc15.jpg 480w\" sizes=\"auto, (max-width: 586px) 100vw, 586px\" \/> <img loading=\"lazy\" decoding=\"async\" class=\"alignnone wp-image-504\" src=\"https:\/\/hoaithu.azdigi.shop\/wp-content\/uploads\/2026\/04\/tc12-149x300.jpg\" alt=\"\" width=\"371\" height=\"747\" \/><\/p>\n<h3><strong>H\u01b0\u1edbng d\u1eabn b\u1ea3o qu\u1ea3n<\/strong><\/h3>\n<ul>\n<li>B\u1ea3o qu\u1ea3n n\u01a1i kh\u00f4 r\u00e1o, tho\u00e1ng m\u00e1t.<\/li>\n<li>Tr\u00e1nh \u00e1nh n\u1eafng tr\u1ef1c ti\u1ebfp v\u00e0 n\u01a1i c\u00f3 nhi\u1ec7t \u0111\u1ed9 cao (kh\u00f4ng \u0111\u1ec3 trong c\u1ed1p xe ho\u1eb7c g\u1ea7n c\u1eeda s\u1ed5).<\/li>\n<li>\u0110\u1eady n\u1eafp k\u00edn ngay sau khi s\u1eed d\u1ee5ng \u0111\u1ec3 tr\u00e1nh oxy h\u00f3a ho\u1ea1t ch\u1ea5t.<\/li>\n<\/ul>\n<h4><strong>L\u01b0u \u00fd<\/strong><\/h4>\n<ul>\n<li>Ch\u1ec9 s\u1eed d\u1ee5ng ngo\u00e0i da. Tr\u00e1nh ti\u1ebfp x\u00fac tr\u1ef1c ti\u1ebfp v\u1edbi m\u1eaft.<\/li>\n<li>N\u1ebfu c\u00f3 hi\u1ec7n t\u01b0\u1ee3ng k\u00edch \u1ee9ng nh\u1eb9 (ch\u00e2m ch\u00edch do t\u00e1c d\u1ee5ng c\u1ee7a tr\u00e0m tr\u00e0), n\u00ean gi\u1ea3m t\u1ea7n su\u1ea5t s\u1eed d\u1ee5ng \u0111\u1ec3 da l\u00e0m quen.<\/li>\n<li>Tr\u00e1nh xa t\u1ea7m tay tr\u1ebb em.<\/li>\n<li>Ng\u00e0y s\u1ea3n xu\u1ea5t: Xem chi ti\u1ebft tr\u00ean bao b\u00ec.<\/li>\n<li>H\u1ea1n s\u1eed d\u1ee5ng: 3 n\u0103m k\u1ec3 t\u1eeb ng\u00e0y s\u1ea3n xu\u1ea5t.<\/li>\n<\/ul>\n<h2><strong>Th\u00e0nh ph\u1ea7n <\/strong><strong>Tinh Ch\u1ea5t B\u00ed \u0110ao Cocoon Winter Melon Serum<\/strong><\/h2>\n<ul>\n<li><strong>B\u00ed \u0111ao:<\/strong> Gi\u00fap kh\u00e1ng vi\u00eam, l\u00e0m d\u1ecbu v\u00e0 kh\u00e1ng khu\u1ea9n.<\/li>\n<li><strong>Rau m\u00e1:<\/strong> T\u0103ng c\u01b0\u1eddng s\u1ea3n sinh collagen, ph\u1ee5c h\u1ed3i da sau m\u1ee5n.<\/li>\n<li><strong>Tinh d\u1ea7u tr\u00e0m tr\u00e0:<\/strong> S\u00e1t khu\u1ea9n m\u1ee5n, gi\u00fap v\u1ebft th\u01b0\u01a1ng mau l\u00e0nh.<\/li>\n<li><strong>Niacinamide (Vitamin B3):<\/strong> 7% n\u1ed3ng \u0111\u1ed9 gi\u00fap t\u1ed1i \u01b0u kh\u1ea3 n\u0103ng se kh\u00edt l\u1ed7 ch\u00e2n l\u00f4ng v\u00e0 l\u00e0m m\u1edd th\u00e2m m\u1ee5n.<\/li>\n<li><strong>NAG (N-Acetyl Glucosamine):<\/strong> T\u0103ng c\u01b0\u1eddng \u0111\u1ed9 \u1ea9m v\u00e0 h\u1ed7 tr\u1ee3 l\u00e0m s\u00e1ng da.<\/li>\n<\/ul>\n<h2><strong>H\u01b0\u1edbng d\u1eabn s\u1eed d\u1ee5ng<\/strong><\/h2>\n<ol>\n<li>L\u00e0m s\u1ea1ch da v\u1edbi n\u01b0\u1edbc t\u1ea9y trang v\u00e0 s\u1eefa r\u1eeda m\u1eb7t.<\/li>\n<li>S\u1eed d\u1ee5ng toner (n\u01b0\u1edbc hoa h\u1ed3ng) \u0111\u1ec3 c\u00e2n b\u1eb1ng da.<\/li>\n<li>L\u1ea5y v\u00e0i gi\u1ecdt tinh ch\u1ea5t v\u00e0o l\u00f2ng b\u00e0n tay ho\u1eb7c ch\u1ea5m tr\u1ef1c ti\u1ebfp l\u00ean c\u00e1c v\u00f9ng da m\u1ee5n.<\/li>\n<li>Thoa \u0111\u1ec1u v\u00e0 v\u1ed7 nh\u1eb9 \u0111\u1ec3 d\u01b0\u1ee1ng ch\u1ea5t th\u1ea5m s\u00e2u.<\/li>\n<li>S\u1eed d\u1ee5ng 2 l\u1ea7n\/ng\u00e0y (s\u00e1ng v\u00e0 t\u1ed1i) \u0111\u1ec3 \u0111\u1ea1t hi\u1ec7u qu\u1ea3 t\u1ed1i \u01b0u.<\/li>\n<\/ol>\n<p>&nbsp;<\/p>\n","protected":false},"excerpt":{"rendered":"<p>Gi\u00fap gi\u1ea3m m\u1ee5n, ki\u1ec1m d\u1ea7u v\u00e0 m\u1edd th\u00e2m hi\u1ec7u qu\u1ea3 nh\u1edd s\u1ef1 k\u1ebft h\u1ee3p c\u1ee7a b\u00ed \u0111ao, 7% Niacinamide v\u00e0 tr\u00e0m tr\u00e0. S\u1ea3n ph\u1ea9m l\u00e0m d\u1ecbu da nhanh ch\u00f3ng, th\u00f4ng tho\u00e1ng l\u1ed7 ch\u00e2n l\u00f4ng v\u00e0 mang l\u1ea1i l\u00e0n da s\u1ea1ch m\u1ecbn, kh\u1ecfe kho\u1eafn.<\/p>\n","protected":false},"featured_media":506,"comment_status":"open","ping_status":"closed","template":"","meta":[],"product_brand":[36],"product_cat":[30],"product_tag":[],"class_list":{"0":"post-499","1":"product","2":"type-product","3":"status-publish","4":"has-post-thumbnail","6":"product_brand-cocoon","7":"product_cat-serum","9":"first","10":"instock","11":"sale","12":"shipping-taxable","13":"purchasable","14":"product-type-variable"},"yoast_head":"<!-- This site is optimized with the Yoast SEO plugin v27.0 - https:\/\/yoast.com\/product\/yoast-seo-wordpress\/ -->\n<title>Tinh Ch\u1ea5t B\u00ed \u0110ao Cocoon | Winter Melon Serum 70ml Ch\u00ednh H\u00e3ng - skincare<\/title>\n<meta name=\"description\" content=\"Kh\u00e1m ph\u00e1 Tinh Ch\u1ea5t B\u00ed \u0110ao Cocoon (Winter Melon Serum) v\u1edbi 7% Niacinamide gi\u00fap ph\u1ee5c h\u1ed3i da m\u1ee5n, gi\u1ea3m \u1eedng \u0111\u1ecf v\u00e0 ki\u1ec3m so\u00e1t d\u1ea7u hi\u1ec7u qu\u1ea3 sau 14 ng\u00e0y.\" \/>\n<meta name=\"robots\" content=\"index, follow, max-snippet:-1, max-image-preview:large, max-video-preview:-1\" \/>\n<link rel=\"canonical\" href=\"https:\/\/hoaithu.azdigi.shop\/index.php\/san-pham\/tinh-chat-bi-dao-cocoon\/\" \/>\n<meta property=\"og:locale\" content=\"vi_VN\" \/>\n<meta property=\"og:type\" content=\"article\" \/>\n<meta property=\"og:title\" content=\"Tinh Ch\u1ea5t B\u00ed \u0110ao Cocoon | Winter Melon Serum 70ml Ch\u00ednh H\u00e3ng - skincare\" \/>\n<meta property=\"og:description\" content=\"Kh\u00e1m ph\u00e1 Tinh Ch\u1ea5t B\u00ed \u0110ao Cocoon (Winter Melon Serum) v\u1edbi 7% Niacinamide gi\u00fap ph\u1ee5c h\u1ed3i da m\u1ee5n, gi\u1ea3m \u1eedng \u0111\u1ecf v\u00e0 ki\u1ec3m so\u00e1t d\u1ea7u hi\u1ec7u qu\u1ea3 sau 14 ng\u00e0y.\" \/>\n<meta property=\"og:url\" content=\"https:\/\/hoaithu.azdigi.shop\/index.php\/san-pham\/tinh-chat-bi-dao-cocoon\/\" \/>\n<meta property=\"og:site_name\" content=\"skincare\" \/>\n<meta property=\"article:modified_time\" content=\"2026-04-12T03:55:53+00:00\" \/>\n<meta property=\"og:image\" content=\"https:\/\/hoaithu.azdigi.shop\/wp-content\/uploads\/2026\/04\/tc11.webp\" \/>\n\t<meta property=\"og:image:width\" content=\"1000\" \/>\n\t<meta property=\"og:image:height\" content=\"1000\" \/>\n\t<meta property=\"og:image:type\" content=\"image\/webp\" \/>\n<meta name=\"twitter:card\" content=\"summary_large_image\" \/>\n<meta name=\"twitter:label1\" content=\"\u01af\u1edbc t\u00ednh th\u1eddi gian \u0111\u1ecdc\" \/>\n\t<meta name=\"twitter:data1\" content=\"6 ph\u00fat\" \/>\n<script type=\"application\/ld+json\" class=\"yoast-schema-graph\">{\"@context\":\"https:\/\/schema.org\",\"@graph\":[{\"@type\":\"WebPage\",\"@id\":\"https:\/\/hoaithu.azdigi.shop\/index.php\/san-pham\/tinh-chat-bi-dao-cocoon\/\",\"url\":\"https:\/\/hoaithu.azdigi.shop\/index.php\/san-pham\/tinh-chat-bi-dao-cocoon\/\",\"name\":\"Tinh Ch\u1ea5t B\u00ed \u0110ao Cocoon | Winter Melon Serum 70ml Ch\u00ednh H\u00e3ng - skincare\",\"isPartOf\":{\"@id\":\"https:\/\/hoaithu.azdigi.shop\/#website\"},\"primaryImageOfPage\":{\"@id\":\"https:\/\/hoaithu.azdigi.shop\/index.php\/san-pham\/tinh-chat-bi-dao-cocoon\/#primaryimage\"},\"image\":{\"@id\":\"https:\/\/hoaithu.azdigi.shop\/index.php\/san-pham\/tinh-chat-bi-dao-cocoon\/#primaryimage\"},\"thumbnailUrl\":\"https:\/\/hoaithu.azdigi.shop\/wp-content\/uploads\/2026\/04\/tc11.webp\",\"datePublished\":\"2026-04-09T09:52:50+00:00\",\"dateModified\":\"2026-04-12T03:55:53+00:00\",\"description\":\"Kh\u00e1m ph\u00e1 Tinh Ch\u1ea5t B\u00ed \u0110ao Cocoon (Winter Melon Serum) v\u1edbi 7% Niacinamide gi\u00fap ph\u1ee5c h\u1ed3i da m\u1ee5n, gi\u1ea3m \u1eedng \u0111\u1ecf v\u00e0 ki\u1ec3m so\u00e1t d\u1ea7u hi\u1ec7u qu\u1ea3 sau 14 ng\u00e0y.\",\"breadcrumb\":{\"@id\":\"https:\/\/hoaithu.azdigi.shop\/index.php\/san-pham\/tinh-chat-bi-dao-cocoon\/#breadcrumb\"},\"inLanguage\":\"vi\",\"potentialAction\":[{\"@type\":\"ReadAction\",\"target\":[\"https:\/\/hoaithu.azdigi.shop\/index.php\/san-pham\/tinh-chat-bi-dao-cocoon\/\"]}]},{\"@type\":\"ImageObject\",\"inLanguage\":\"vi\",\"@id\":\"https:\/\/hoaithu.azdigi.shop\/index.php\/san-pham\/tinh-chat-bi-dao-cocoon\/#primaryimage\",\"url\":\"https:\/\/hoaithu.azdigi.shop\/wp-content\/uploads\/2026\/04\/tc11.webp\",\"contentUrl\":\"https:\/\/hoaithu.azdigi.shop\/wp-content\/uploads\/2026\/04\/tc11.webp\",\"width\":1000,\"height\":1000},{\"@type\":\"BreadcrumbList\",\"@id\":\"https:\/\/hoaithu.azdigi.shop\/index.php\/san-pham\/tinh-chat-bi-dao-cocoon\/#breadcrumb\",\"itemListElement\":[{\"@type\":\"ListItem\",\"position\":1,\"name\":\"Trang ch\u1ee7\",\"item\":\"https:\/\/hoaithu.azdigi.shop\/\"},{\"@type\":\"ListItem\",\"position\":2,\"name\":\"C\u1eeda h\u00e0ng\",\"item\":\"https:\/\/hoaithu.azdigi.shop\/index.php\/cua-hang\/\"},{\"@type\":\"ListItem\",\"position\":3,\"name\":\"Tinh Ch\u1ea5t B\u00ed \u0110ao Cocoon | Winter Melon Serum 70ml Ch\u00ednh H\u00e3ng\"}]},{\"@type\":\"WebSite\",\"@id\":\"https:\/\/hoaithu.azdigi.shop\/#website\",\"url\":\"https:\/\/hoaithu.azdigi.shop\/\",\"name\":\"skincare\",\"description\":\"n\u00e2ng t\u1ea7m nhan s\u1eafc\",\"potentialAction\":[{\"@type\":\"SearchAction\",\"target\":{\"@type\":\"EntryPoint\",\"urlTemplate\":\"https:\/\/hoaithu.azdigi.shop\/?s={search_term_string}\"},\"query-input\":{\"@type\":\"PropertyValueSpecification\",\"valueRequired\":true,\"valueName\":\"search_term_string\"}}],\"inLanguage\":\"vi\"}]}<\/script>\n<!-- \/ Yoast SEO plugin. -->","yoast_head_json":{"title":"Tinh Ch\u1ea5t B\u00ed \u0110ao Cocoon | Winter Melon Serum 70ml Ch\u00ednh H\u00e3ng - skincare","description":"Kh\u00e1m ph\u00e1 Tinh Ch\u1ea5t B\u00ed \u0110ao Cocoon (Winter Melon Serum) v\u1edbi 7% Niacinamide gi\u00fap ph\u1ee5c h\u1ed3i da m\u1ee5n, gi\u1ea3m \u1eedng \u0111\u1ecf v\u00e0 ki\u1ec3m so\u00e1t d\u1ea7u hi\u1ec7u qu\u1ea3 sau 14 ng\u00e0y.","robots":{"index":"index","follow":"follow","max-snippet":"max-snippet:-1","max-image-preview":"max-image-preview:large","max-video-preview":"max-video-preview:-1"},"canonical":"https:\/\/hoaithu.azdigi.shop\/index.php\/san-pham\/tinh-chat-bi-dao-cocoon\/","og_locale":"vi_VN","og_type":"article","og_title":"Tinh Ch\u1ea5t B\u00ed \u0110ao Cocoon | Winter Melon Serum 70ml Ch\u00ednh H\u00e3ng - skincare","og_description":"Kh\u00e1m ph\u00e1 Tinh Ch\u1ea5t B\u00ed \u0110ao Cocoon (Winter Melon Serum) v\u1edbi 7% Niacinamide gi\u00fap ph\u1ee5c h\u1ed3i da m\u1ee5n, gi\u1ea3m \u1eedng \u0111\u1ecf v\u00e0 ki\u1ec3m so\u00e1t d\u1ea7u hi\u1ec7u qu\u1ea3 sau 14 ng\u00e0y.","og_url":"https:\/\/hoaithu.azdigi.shop\/index.php\/san-pham\/tinh-chat-bi-dao-cocoon\/","og_site_name":"skincare","article_modified_time":"2026-04-12T03:55:53+00:00","og_image":[{"width":1000,"height":1000,"url":"https:\/\/hoaithu.azdigi.shop\/wp-content\/uploads\/2026\/04\/tc11.webp","type":"image\/webp"}],"twitter_card":"summary_large_image","twitter_misc":{"\u01af\u1edbc t\u00ednh th\u1eddi gian \u0111\u1ecdc":"6 ph\u00fat"},"schema":{"@context":"https:\/\/schema.org","@graph":[{"@type":"WebPage","@id":"https:\/\/hoaithu.azdigi.shop\/index.php\/san-pham\/tinh-chat-bi-dao-cocoon\/","url":"https:\/\/hoaithu.azdigi.shop\/index.php\/san-pham\/tinh-chat-bi-dao-cocoon\/","name":"Tinh Ch\u1ea5t B\u00ed \u0110ao Cocoon | Winter Melon Serum 70ml Ch\u00ednh H\u00e3ng - skincare","isPartOf":{"@id":"https:\/\/hoaithu.azdigi.shop\/#website"},"primaryImageOfPage":{"@id":"https:\/\/hoaithu.azdigi.shop\/index.php\/san-pham\/tinh-chat-bi-dao-cocoon\/#primaryimage"},"image":{"@id":"https:\/\/hoaithu.azdigi.shop\/index.php\/san-pham\/tinh-chat-bi-dao-cocoon\/#primaryimage"},"thumbnailUrl":"https:\/\/hoaithu.azdigi.shop\/wp-content\/uploads\/2026\/04\/tc11.webp","datePublished":"2026-04-09T09:52:50+00:00","dateModified":"2026-04-12T03:55:53+00:00","description":"Kh\u00e1m ph\u00e1 Tinh Ch\u1ea5t B\u00ed \u0110ao Cocoon (Winter Melon Serum) v\u1edbi 7% Niacinamide gi\u00fap ph\u1ee5c h\u1ed3i da m\u1ee5n, gi\u1ea3m \u1eedng \u0111\u1ecf v\u00e0 ki\u1ec3m so\u00e1t d\u1ea7u hi\u1ec7u qu\u1ea3 sau 14 ng\u00e0y.","breadcrumb":{"@id":"https:\/\/hoaithu.azdigi.shop\/index.php\/san-pham\/tinh-chat-bi-dao-cocoon\/#breadcrumb"},"inLanguage":"vi","potentialAction":[{"@type":"ReadAction","target":["https:\/\/hoaithu.azdigi.shop\/index.php\/san-pham\/tinh-chat-bi-dao-cocoon\/"]}]},{"@type":"ImageObject","inLanguage":"vi","@id":"https:\/\/hoaithu.azdigi.shop\/index.php\/san-pham\/tinh-chat-bi-dao-cocoon\/#primaryimage","url":"https:\/\/hoaithu.azdigi.shop\/wp-content\/uploads\/2026\/04\/tc11.webp","contentUrl":"https:\/\/hoaithu.azdigi.shop\/wp-content\/uploads\/2026\/04\/tc11.webp","width":1000,"height":1000},{"@type":"BreadcrumbList","@id":"https:\/\/hoaithu.azdigi.shop\/index.php\/san-pham\/tinh-chat-bi-dao-cocoon\/#breadcrumb","itemListElement":[{"@type":"ListItem","position":1,"name":"Trang ch\u1ee7","item":"https:\/\/hoaithu.azdigi.shop\/"},{"@type":"ListItem","position":2,"name":"C\u1eeda h\u00e0ng","item":"https:\/\/hoaithu.azdigi.shop\/index.php\/cua-hang\/"},{"@type":"ListItem","position":3,"name":"Tinh Ch\u1ea5t B\u00ed \u0110ao Cocoon | Winter Melon Serum 70ml Ch\u00ednh H\u00e3ng"}]},{"@type":"WebSite","@id":"https:\/\/hoaithu.azdigi.shop\/#website","url":"https:\/\/hoaithu.azdigi.shop\/","name":"skincare","description":"n\u00e2ng t\u1ea7m nhan s\u1eafc","potentialAction":[{"@type":"SearchAction","target":{"@type":"EntryPoint","urlTemplate":"https:\/\/hoaithu.azdigi.shop\/?s={search_term_string}"},"query-input":{"@type":"PropertyValueSpecification","valueRequired":true,"valueName":"search_term_string"}}],"inLanguage":"vi"}]}},"_links":{"self":[{"href":"https:\/\/hoaithu.azdigi.shop\/index.php\/wp-json\/wp\/v2\/product\/499","targetHints":{"allow":["GET"]}}],"collection":[{"href":"https:\/\/hoaithu.azdigi.shop\/index.php\/wp-json\/wp\/v2\/product"}],"about":[{"href":"https:\/\/hoaithu.azdigi.shop\/index.php\/wp-json\/wp\/v2\/types\/product"}],"replies":[{"embeddable":true,"href":"https:\/\/hoaithu.azdigi.shop\/index.php\/wp-json\/wp\/v2\/comments?post=499"}],"wp:featuredmedia":[{"embeddable":true,"href":"https:\/\/hoaithu.azdigi.shop\/index.php\/wp-json\/wp\/v2\/media\/506"}],"wp:attachment":[{"href":"https:\/\/hoaithu.azdigi.shop\/index.php\/wp-json\/wp\/v2\/media?parent=499"}],"wp:term":[{"taxonomy":"product_brand","embeddable":true,"href":"https:\/\/hoaithu.azdigi.shop\/index.php\/wp-json\/wp\/v2\/product_brand?post=499"},{"taxonomy":"product_cat","embeddable":true,"href":"https:\/\/hoaithu.azdigi.shop\/index.php\/wp-json\/wp\/v2\/product_cat?post=499"},{"taxonomy":"product_tag","embeddable":true,"href":"https:\/\/hoaithu.azdigi.shop\/index.php\/wp-json\/wp\/v2\/product_tag?post=499"}],"curies":[{"name":"wp","href":"https:\/\/api.w.org\/{rel}","templated":true}]}}