{"id":480,"date":"2026-04-09T09:10:45","date_gmt":"2026-04-09T09:10:45","guid":{"rendered":"https:\/\/hoaithu.azdigi.shop\/?post_type=product&#038;p=480"},"modified":"2026-04-12T03:58:18","modified_gmt":"2026-04-12T03:58:18","slug":"mat-na-nghe-hung-yen-cocoon","status":"publish","type":"product","link":"https:\/\/hoaithu.azdigi.shop\/index.php\/san-pham\/mat-na-nghe-hung-yen-cocoon\/","title":{"rendered":"M\u1eb7t n\u1ea1 ngh\u1ec7 H\u01b0ng Y\u00ean Cocoon &#8211; D\u01b0\u1ee1ng s\u00e1ng da, m\u1edd th\u00e2m"},"content":{"rendered":"<p><strong>M\u1eb7t N\u1ea1 Ngh\u1ec7 H\u01b0ng Y\u00ean Cocoon Gi\u00fap Da R\u1ea1ng R\u1ee1 M\u1ecbn M\u00e0n<\/strong>g\u00a0l\u00e0 d\u00f2ng\u00a0m\u1eb7t n\u1ea1\u00a0r\u1eeda\u00a0\u0111\u1ebfn t\u1eeb th\u01b0\u01a1ng hi\u1ec7u m\u1ef9 ph\u1ea9m thu\u1ea7n chay\u00a0<a href=\"https:\/\/hoaithu.azdigi.shop\/index.php\/thuong-hieu\/cocoon\/\"><strong>Cocoon<\/strong><\/a>\u00a0c\u1ee7a Vi\u1ec7t Nam, v\u1edbi th\u00e0nh ph\u1ea7n ch\u00ednh tinh b\u1ed9t ngh\u1ec7 t\u1eeb c\u1ee7 ngh\u1ec7 \u1edf v\u00f9ng \u0111\u1ea5t H\u01b0ng Y\u00ean gi\u00e0u curcuminoid k\u1ebft h\u1ee3p c\u00f9ng chi\u1ebft xu\u1ea5t y\u1ebfn m\u1ea1ch, h\u1ea1t \u00f3c ch\u00f3 v\u00e0 vitamin B3\u00a0cung c\u1ea5p d\u01b0\u1ee1ng ch\u1ea5t gi\u00fap c\u1ea3i thi\u1ec7n b\u1ec1 m\u1eb7t da s\u1ea7n s\u00f9i, th\u00f4 r\u00e1p, l\u1ea5y \u0111i c\u00e1c t\u1ebf b\u00e0o ch\u1ebft nh\u1eb9 nh\u00e0ng mang l\u1ea1i l\u00e0n da s\u00e1ng m\u1ecbn, \u0111\u1ec1u m\u00e0u, \u1ea9m m\u01b0\u1ee3t, r\u1ea1ng ng\u1eddi.<\/p>\n<p>Hi\u1ec7n s\u1ea3n ph\u1ea9m\u00a0<strong>M\u1eb7t N\u1ea1 Cocoon Hung Yen Turmeric Face Mask<\/strong>\u00a0ch\u00ednh h\u00e3ng\u00a0\u0111\u00e3 c\u00f3 m\u1eb7t t\u1ea1i\u00a0<a href=\"https:\/\/hoaithu.azdigi.shop\/\"><strong>Outlier<\/strong><\/a>\u00a0v\u1edbi 4 quy c\u00e1ch \u0111\u00f3ng g\u00f3i:<\/p>\n<ul>\n<li><strong>30ml<\/strong><\/li>\n<li><strong>100ml<\/strong><\/li>\n<\/ul>\n<p><img loading=\"lazy\" decoding=\"async\" class=\"aligncenter wp-image-482\" title=\"M\u1eb7t n\u1ea1 ngh\u1ec7 H\u01b0ng Y\u00ean Cocoon d\u01b0\u1ee1ng s\u00e1ng da ho\u1eb7c Th\u00e0nh ph\u1ea7n M\u1eb7t n\u1ea1 ngh\u1ec7 H\u01b0ng Y\u00ean Cocoon.\" src=\"https:\/\/hoaithu.azdigi.shop\/wp-content\/uploads\/2026\/04\/m7-300x261.png\" alt=\"\" width=\"868\" height=\"755\" srcset=\"https:\/\/hoaithu.azdigi.shop\/wp-content\/uploads\/2026\/04\/m7-300x261.png 300w, https:\/\/hoaithu.azdigi.shop\/wp-content\/uploads\/2026\/04\/m7.png 571w\" sizes=\"auto, (max-width: 868px) 100vw, 868px\" \/><\/p>\n<h3><strong>M\u1eb7t N\u1ea1 Cocoon Hung Yen Turmeric Face Mask ph\u00f9 h\u1ee3p v\u1edbi lo\u1ea1i da n\u00e0o?<\/strong><\/h3>\n<p>S\u1ea3n ph\u1ea9m \u0111\u01b0\u1ee3c thi\u1ebft k\u1ebf \u0111\u1eb7c bi\u1ec7t \u0111\u1ec3 gi\u1ea3i quy\u1ebft c\u00e1c v\u1ea5n \u0111\u1ec1 v\u1ec1 s\u1eafc t\u1ed1, do \u0111\u00f3 ph\u00f9 h\u1ee3p nh\u1ea5t v\u1edbi:<\/p>\n<ul>\n<li><strong>Da x\u1ec9n m\u00e0u, k\u00e9m t\u01b0\u01a1i s\u00e1ng:<\/strong> Da c\u00f3 d\u1ea5u hi\u1ec7u m\u1ec7t m\u1ecfi, thi\u1ebfu s\u1ee9c s\u1ed1ng.<\/li>\n<li><strong>Da c\u00f3 nhi\u1ec1u v\u1ebft th\u00e2m:<\/strong> \u0110\u1eb7c bi\u1ec7t l\u00e0 th\u00e2m m\u1ee5n ho\u1eb7c c\u00e1c v\u00f9ng da kh\u00f4ng \u0111\u1ec1u m\u00e0u.<\/li>\n<li><strong>Da h\u1ed7n h\u1ee3p \u0111\u1ebfn da d\u1ea7u:<\/strong> Nh\u1edd k\u1ebft c\u1ea5u \u0111\u1ea5t s\u00e9t m\u1ecbn gi\u00fap l\u00e0m s\u1ea1ch s\u00e2u m\u00e0 kh\u00f4ng g\u00e2y kh\u00f4 c\u0103ng.<\/li>\n<\/ul>\n<h3><strong>\u0110\u1ed1i t\u01b0\u1ee3ng s\u1eed d\u1ee5ng<\/strong><\/h3>\n<ul>\n<li>Nh\u1eefng ng\u01b0\u1eddi \u0111ang t\u00ecm ki\u1ebfm gi\u1ea3i ph\u00e1p d\u01b0\u1ee1ng s\u00e1ng da t\u1ef1 nhi\u00ean, an to\u00e0n.<\/li>\n<li>H\u1ecdc sinh, sinh vi\u00ean ho\u1eb7c nh\u00e2n vi\u00ean v\u0103n ph\u00f2ng th\u01b0\u1eddng xuy\u00ean ti\u1ebfp x\u00fac v\u1edbi \u00e1nh s\u00e1ng xanh v\u00e0 b\u1ee5i m\u1ecbn.<\/li>\n<li>Ng\u01b0\u1eddi y\u00eau th\u00edch m\u1ef9 ph\u1ea9m thu\u1ea7n chay (Vegan) v\u00e0 c\u00e1c th\u00e0nh ph\u1ea7n t\u1eeb thi\u00ean nhi\u00ean Vi\u1ec7t Nam.<\/li>\n<\/ul>\n<h3><strong>\u01afu th\u1ebf n\u1ed5i b\u1eadt c\u1ee7a <\/strong><strong>M\u1eb7t N\u1ea1 Cocoon Hung Yen Turmeric Face Mask<\/strong><\/h3>\n<ul>\n<li><strong>H\u00e0m l\u01b0\u1ee3ng Curcumin cao:<\/strong> Chi\u1ebft xu\u1ea5t ngh\u1ec7 H\u01b0ng Y\u00ean c\u00f3 t\u00e1c d\u1ee5ng ch\u1ed1ng oxy h\u00f3a g\u1ea5p nhi\u1ec1u l\u1ea7n so v\u1edbi c\u00e1c lo\u1ea1i ngh\u1ec7 th\u00f4ng th\u01b0\u1eddng.<\/li>\n<li><strong>C\u00f4ng th\u1ee9c 5 kh\u00f4ng:<\/strong> Kh\u00f4ng c\u1ed3n, kh\u00f4ng sulfate, kh\u00f4ng d\u1ea7u kho\u00e1ng, kh\u00f4ng paraben v\u00e0 kh\u00f4ng th\u1eed nghi\u1ec7m tr\u00ean \u0111\u1ed9ng v\u1eadt.<\/li>\n<li><strong>K\u1ebft c\u1ea5u th\u00f4ng minh:<\/strong> D\u1ea1ng kem m\u1ecbn, ch\u1ee9a c\u00e1c h\u1ea1t \u00f3c ch\u00f3 xay nhuy\u1ec5n li ti gi\u00fap t\u1ea9y t\u1ebf b\u00e0o ch\u1ebft nh\u1eb9 nh\u00e0ng khi r\u1eeda, kh\u00f4ng g\u00e2y v\u00e0ng da sau khi s\u1eed d\u1ee5ng.<\/li>\n<li><strong>Hi\u1ec7u qu\u1ea3 k\u00e9p:<\/strong> V\u1eeba l\u00e0m s\u00e1ng da, v\u1eeba c\u1ea3i thi\u1ec7n b\u1ec1 m\u1eb7t da m\u1ecbn m\u00e0ng h\u01a1n.<\/li>\n<\/ul>\n<p><img loading=\"lazy\" decoding=\"async\" class=\"alignnone wp-image-485\" title=\"M\u1eb7t n\u1ea1 ngh\u1ec7 H\u01b0ng Y\u00ean Cocoon d\u01b0\u1ee1ng s\u00e1ng da ho\u1eb7c Th\u00e0nh ph\u1ea7n M\u1eb7t n\u1ea1 ngh\u1ec7 H\u01b0ng Y\u00ean Cocoon.\" src=\"https:\/\/hoaithu.azdigi.shop\/wp-content\/uploads\/2026\/04\/m12-300x300.jpg\" alt=\"\" width=\"469\" height=\"469\" srcset=\"https:\/\/hoaithu.azdigi.shop\/wp-content\/uploads\/2026\/04\/m12-300x300.jpg 300w, https:\/\/hoaithu.azdigi.shop\/wp-content\/uploads\/2026\/04\/m12-150x150.jpg 150w, https:\/\/hoaithu.azdigi.shop\/wp-content\/uploads\/2026\/04\/m12-768x768.jpg 768w, https:\/\/hoaithu.azdigi.shop\/wp-content\/uploads\/2026\/04\/m12-600x600.jpg 600w, https:\/\/hoaithu.azdigi.shop\/wp-content\/uploads\/2026\/04\/m12-100x100.jpg 100w, https:\/\/hoaithu.azdigi.shop\/wp-content\/uploads\/2026\/04\/m12.jpg 1024w\" sizes=\"auto, (max-width: 469px) 100vw, 469px\" \/> <img loading=\"lazy\" decoding=\"async\" class=\"alignnone wp-image-486\" title=\"M\u1eb7t n\u1ea1 ngh\u1ec7 H\u01b0ng Y\u00ean Cocoon d\u01b0\u1ee1ng s\u00e1ng da ho\u1eb7c Th\u00e0nh ph\u1ea7n M\u1eb7t n\u1ea1 ngh\u1ec7 H\u01b0ng Y\u00ean Cocoon.\" src=\"https:\/\/hoaithu.azdigi.shop\/wp-content\/uploads\/2026\/04\/m2-300x300.png\" alt=\"\" width=\"463\" height=\"463\" srcset=\"https:\/\/hoaithu.azdigi.shop\/wp-content\/uploads\/2026\/04\/m2-300x300.png 300w, https:\/\/hoaithu.azdigi.shop\/wp-content\/uploads\/2026\/04\/m2-150x150.png 150w, https:\/\/hoaithu.azdigi.shop\/wp-content\/uploads\/2026\/04\/m2-768x768.png 768w, https:\/\/hoaithu.azdigi.shop\/wp-content\/uploads\/2026\/04\/m2-600x600.png 600w, https:\/\/hoaithu.azdigi.shop\/wp-content\/uploads\/2026\/04\/m2-100x100.png 100w, https:\/\/hoaithu.azdigi.shop\/wp-content\/uploads\/2026\/04\/m2.png 1024w\" sizes=\"auto, (max-width: 463px) 100vw, 463px\" \/><\/p>\n<p>&nbsp;<\/p>\n<h3><strong>\u0110\u1ed9 an to\u00e0n<\/strong><\/h3>\n<p>Cocoon cam k\u1ebft \u0111\u1ed9 an to\u00e0n t\u1ed1i \u0111a cho ng\u01b0\u1eddi s\u1eed d\u1ee5ng:<\/p>\n<ul>\n<li>S\u1ea3n ph\u1ea9m \u0111\u00e3 qua ki\u1ec3m duy\u1ec7t da li\u1ec5u.<\/li>\n<li>100% thu\u1ea7n chay, an to\u00e0n cho c\u1ea3 l\u00e0n da nh\u1ea1y c\u1ea3m.<\/li>\n<li>Th\u00e0nh ph\u1ea7n l\u00e0nh t\u00ednh, kh\u00f4ng g\u00e2y k\u00edch \u1ee9ng hay b\u00e0o m\u00f2n da.<\/li>\n<\/ul>\n<h2><strong>Th\u00e0nh ph\u1ea7n <\/strong><strong>M\u1eb7t N\u1ea1 Cocoon Hung Yen Turmeric Face Mask<\/strong><\/h2>\n<p>C\u00e1c th\u00e0nh ph\u1ea7n ch\u1ee7 ch\u1ed1t bao g\u1ed3m:<\/p>\n<ul>\n<li><strong>Chi\u1ebft xu\u1ea5t ngh\u1ec7:<\/strong> Ch\u1ed1ng oxy h\u00f3a, l\u00e0m s\u00e1ng v\u00e0 l\u00e0m d\u1ecbu da.<\/li>\n<li><strong>Vitamin B3 (Niacinamide):<\/strong> C\u1ee7ng c\u1ed1 h\u00e0ng r\u00e0o b\u1ea3o v\u1ec7 da, h\u1ed7 tr\u1ee3 m\u1edd th\u00e2m v\u00e0 \u0111i\u1ec1u ti\u1ebft d\u1ea7u th\u1eeba.<\/li>\n<li><strong>Curcuminoid:<\/strong> Gi\u1ea3m thi\u1ec3u s\u1ef1 h\u00ecnh th\u00e0nh s\u1eafc t\u1ed1 melanin.<\/li>\n<li><strong>Chi\u1ebft xu\u1ea5t y\u1ebfn m\u1ea1ch:<\/strong> C\u1ea5p \u1ea9m v\u00e0 gi\u1ea3m k\u00edch \u1ee9ng.<\/li>\n<li><strong>H\u1ea1t \u00f3c ch\u00f3:<\/strong> H\u1ed7 tr\u1ee3 l\u1ea5y \u0111i l\u1edbp da ch\u1ebft gi\u00e0 c\u1ed7i m\u1ed9t c\u00e1ch nh\u1eb9 nh\u00e0ng.<\/li>\n<\/ul>\n<p><img loading=\"lazy\" decoding=\"async\" class=\"aligncenter wp-image-487\" title=\"M\u1eb7t n\u1ea1 ngh\u1ec7 H\u01b0ng Y\u00ean Cocoon d\u01b0\u1ee1ng s\u00e1ng da ho\u1eb7c Th\u00e0nh ph\u1ea7n M\u1eb7t n\u1ea1 ngh\u1ec7 H\u01b0ng Y\u00ean Cocoon.\" src=\"https:\/\/hoaithu.azdigi.shop\/wp-content\/uploads\/2026\/04\/m8-300x300.jpg\" alt=\"\" width=\"767\" height=\"767\" srcset=\"https:\/\/hoaithu.azdigi.shop\/wp-content\/uploads\/2026\/04\/m8-300x300.jpg 300w, https:\/\/hoaithu.azdigi.shop\/wp-content\/uploads\/2026\/04\/m8-150x150.jpg 150w, https:\/\/hoaithu.azdigi.shop\/wp-content\/uploads\/2026\/04\/m8-100x100.jpg 100w, https:\/\/hoaithu.azdigi.shop\/wp-content\/uploads\/2026\/04\/m8.jpg 450w\" sizes=\"auto, (max-width: 767px) 100vw, 767px\" \/><\/p>\n<h2><strong>H\u01b0\u1edbng d\u1eabn s\u1eed d\u1ee5ng<\/strong><\/h2>\n<p>\u0110\u1ec3 \u0111\u1ea1t hi\u1ec7u qu\u1ea3 t\u1ed1t nh\u1ea5t, b\u1ea1n n\u00ean th\u1ef1c hi\u1ec7n theo c\u00e1c b\u01b0\u1edbc sau:<\/p>\n<ol>\n<li><strong>L\u00e0m s\u1ea1ch:<\/strong> R\u1eeda m\u1eb7t s\u1ea1ch v\u00e0 lau kh\u00f4.<\/li>\n<li><strong>Thoa m\u1eb7t n\u1ea1:<\/strong> Thoa m\u1ed9t l\u01b0\u1ee3ng v\u1eeba \u0111\u1ee7 l\u00ean da, tr\u00e1nh v\u00f9ng m\u1eaft v\u00e0 m\u00f4i.<\/li>\n<li><strong>Th\u01b0 gi\u00e3n:<\/strong> \u0110\u1ee3i kho\u1ea3ng <strong>15 &#8211; 20 ph\u00fat<\/strong> cho m\u1eb7t n\u1ea1 ho\u1ea1t \u0111\u1ed9ng tr\u00ean da.<\/li>\n<li><strong>R\u1eeda s\u1ea1ch:<\/strong> R\u1eeda l\u1ea1i b\u1eb1ng n\u01b0\u1edbc \u1ea5m. Trong l\u00fac r\u1eeda, h\u00e3y massage nh\u1eb9 nh\u00e0ng \u0111\u1ec3 c\u00e1c h\u1ea1t \u00f3c ch\u00f3 l\u1ea5y \u0111i t\u1ebf b\u00e0o ch\u1ebft. <em>T\u1ea7n su\u1ea5t khuy\u00ean d\u00f9ng: 3 &#8211; 4 l\u1ea7n m\u1ed7i tu\u1ea7n.<\/em><\/li>\n<\/ol>\n<h4><strong>L\u01b0u \u00fd khi d\u00f9ng<\/strong><\/h4>\n<ul>\n<li>Kh\u00f4ng n\u00ean \u0111\u1ec3 m\u1eb7t n\u1ea1 qu\u00e1 kh\u00f4 tr\u00ean da (v\u01b0\u1ee3t qu\u00e1 20 ph\u00fat) v\u00ec c\u00f3 th\u1ec3 g\u00e2y hi\u1ec7n t\u01b0\u1ee3ng h\u00fat \u1ea9m ng\u01b0\u1ee3c.<\/li>\n<li>Lu\u00f4n s\u1eed d\u1ee5ng kem ch\u1ed1ng n\u1eafng v\u00e0o ban ng\u00e0y \u0111\u1ec3 b\u1ea3o v\u1ec7 l\u00e0n da \u0111ang trong qu\u00e1 tr\u00ecnh d\u01b0\u1ee1ng s\u00e1ng.<\/li>\n<li>Tr\u00e1nh thoa l\u00ean c\u00e1c v\u1ebft th\u01b0\u01a1ng h\u1edf ho\u1eb7c v\u00f9ng da \u0111ang b\u1ecb vi\u00eam m\u1ee5n n\u1eb7ng.<\/li>\n<\/ul>\n<h2><strong>H\u01b0\u1edbng d\u1eabn b\u1ea3o qu\u1ea3n s\u1ea3n ph\u1ea9m <\/strong><strong>M\u1eb7t N\u1ea1 Cocoon Hung Yen Turmeric Face Mask<\/strong><\/h2>\n<ul>\n<li>B\u1ea3o qu\u1ea3n n\u01a1i kh\u00f4 r\u00e1o, tho\u00e1ng m\u00e1t.<\/li>\n<li>Tr\u00e1nh \u00e1nh n\u1eafng tr\u1ef1c ti\u1ebfp v\u00e0 n\u01a1i c\u00f3 nhi\u1ec7t \u0111\u1ed9 cao.<\/li>\n<li>\u0110\u1eady n\u1eafp k\u00edn ngay sau khi s\u1eed d\u1ee5ng \u0111\u1ec3 tr\u00e1nh s\u1ea3n ph\u1ea9m b\u1ecb oxy h\u00f3a ho\u1eb7c kh\u00f4 l\u1ea1i.<\/li>\n<\/ul>\n<p>&nbsp;<\/p>\n","protected":false},"excerpt":{"rendered":"<p>Chi\u1ebft xu\u1ea5t t\u1eeb ngh\u1ec7 v\u00e0 Vitamin B3 gi\u00fap l\u00e0m s\u00e1ng da, m\u1edd th\u00e2m v\u00e0 c\u1ea3i thi\u1ec7n b\u1ec1 m\u1eb7t da x\u1ec9n m\u00e0u r\u00f5 r\u1ec7t. S\u1ea3n ph\u1ea9m ch\u1ee9a h\u1ea1t \u00f3c ch\u00f3 xay m\u1ecbn gi\u00fap l\u1ea5y \u0111i t\u1ebf b\u00e0o ch\u1ebft nh\u1eb9 nh\u00e0ng, mang l\u1ea1i l\u00e0n da m\u1ecbn m\u00e0ng v\u00e0 r\u1ea1ng r\u1ee1.<\/p>\n","protected":false},"featured_media":488,"comment_status":"open","ping_status":"closed","template":"","meta":[],"product_brand":[36],"product_cat":[29],"product_tag":[],"class_list":{"0":"post-480","1":"product","2":"type-product","3":"status-publish","4":"has-post-thumbnail","6":"product_brand-cocoon","7":"product_cat-mat-na","9":"first","10":"instock","11":"sale","12":"shipping-taxable","13":"purchasable","14":"product-type-variable"},"yoast_head":"<!-- This site is optimized with the Yoast SEO plugin v27.0 - https:\/\/yoast.com\/product\/yoast-seo-wordpress\/ -->\n<title>M\u1eb7t n\u1ea1 ngh\u1ec7 H\u01b0ng Y\u00ean Cocoon - D\u01b0\u1ee1ng s\u00e1ng da, m\u1edd th\u00e2m - skincare<\/title>\n<meta name=\"description\" content=\"M\u1eb7t n\u1ea1 ngh\u1ec7 H\u01b0ng Y\u00ean Cocoon v\u1edbi tinh b\u1ed9t ngh\u1ec7 gi\u00e0u curcuminoid v\u00e0 Vitamin B3 gi\u00fap d\u01b0\u1ee1ng s\u00e1ng da, m\u1edd th\u00e2m m\u1ee5n v\u00e0 c\u1ea3i thi\u1ec7n b\u1ec1 m\u1eb7t da m\u1ecbn m\u00e0ng. Mua ngay!\" \/>\n<meta name=\"robots\" content=\"index, follow, max-snippet:-1, max-image-preview:large, max-video-preview:-1\" \/>\n<link rel=\"canonical\" href=\"https:\/\/hoaithu.azdigi.shop\/index.php\/san-pham\/mat-na-nghe-hung-yen-cocoon\/\" \/>\n<meta property=\"og:locale\" content=\"vi_VN\" \/>\n<meta property=\"og:type\" content=\"article\" \/>\n<meta property=\"og:title\" content=\"M\u1eb7t n\u1ea1 ngh\u1ec7 H\u01b0ng Y\u00ean Cocoon - D\u01b0\u1ee1ng s\u00e1ng da, m\u1edd th\u00e2m - skincare\" \/>\n<meta property=\"og:description\" content=\"M\u1eb7t n\u1ea1 ngh\u1ec7 H\u01b0ng Y\u00ean Cocoon v\u1edbi tinh b\u1ed9t ngh\u1ec7 gi\u00e0u curcuminoid v\u00e0 Vitamin B3 gi\u00fap d\u01b0\u1ee1ng s\u00e1ng da, m\u1edd th\u00e2m m\u1ee5n v\u00e0 c\u1ea3i thi\u1ec7n b\u1ec1 m\u1eb7t da m\u1ecbn m\u00e0ng. Mua ngay!\" \/>\n<meta property=\"og:url\" content=\"https:\/\/hoaithu.azdigi.shop\/index.php\/san-pham\/mat-na-nghe-hung-yen-cocoon\/\" \/>\n<meta property=\"og:site_name\" content=\"skincare\" \/>\n<meta property=\"article:modified_time\" content=\"2026-04-12T03:58:18+00:00\" \/>\n<meta property=\"og:image\" content=\"https:\/\/hoaithu.azdigi.shop\/wp-content\/uploads\/2026\/04\/m11.jpg\" \/>\n\t<meta property=\"og:image:width\" content=\"1000\" \/>\n\t<meta property=\"og:image:height\" content=\"1000\" \/>\n\t<meta property=\"og:image:type\" content=\"image\/jpeg\" \/>\n<meta name=\"twitter:card\" content=\"summary_large_image\" \/>\n<meta name=\"twitter:label1\" content=\"\u01af\u1edbc t\u00ednh th\u1eddi gian \u0111\u1ecdc\" \/>\n\t<meta name=\"twitter:data1\" content=\"5 ph\u00fat\" \/>\n<script type=\"application\/ld+json\" class=\"yoast-schema-graph\">{\"@context\":\"https:\/\/schema.org\",\"@graph\":[{\"@type\":\"WebPage\",\"@id\":\"https:\/\/hoaithu.azdigi.shop\/index.php\/san-pham\/mat-na-nghe-hung-yen-cocoon\/\",\"url\":\"https:\/\/hoaithu.azdigi.shop\/index.php\/san-pham\/mat-na-nghe-hung-yen-cocoon\/\",\"name\":\"M\u1eb7t n\u1ea1 ngh\u1ec7 H\u01b0ng Y\u00ean Cocoon - D\u01b0\u1ee1ng s\u00e1ng da, m\u1edd th\u00e2m - skincare\",\"isPartOf\":{\"@id\":\"https:\/\/hoaithu.azdigi.shop\/#website\"},\"primaryImageOfPage\":{\"@id\":\"https:\/\/hoaithu.azdigi.shop\/index.php\/san-pham\/mat-na-nghe-hung-yen-cocoon\/#primaryimage\"},\"image\":{\"@id\":\"https:\/\/hoaithu.azdigi.shop\/index.php\/san-pham\/mat-na-nghe-hung-yen-cocoon\/#primaryimage\"},\"thumbnailUrl\":\"https:\/\/hoaithu.azdigi.shop\/wp-content\/uploads\/2026\/04\/m11.jpg\",\"datePublished\":\"2026-04-09T09:10:45+00:00\",\"dateModified\":\"2026-04-12T03:58:18+00:00\",\"description\":\"M\u1eb7t n\u1ea1 ngh\u1ec7 H\u01b0ng Y\u00ean Cocoon v\u1edbi tinh b\u1ed9t ngh\u1ec7 gi\u00e0u curcuminoid v\u00e0 Vitamin B3 gi\u00fap d\u01b0\u1ee1ng s\u00e1ng da, m\u1edd th\u00e2m m\u1ee5n v\u00e0 c\u1ea3i thi\u1ec7n b\u1ec1 m\u1eb7t da m\u1ecbn m\u00e0ng. Mua ngay!\",\"breadcrumb\":{\"@id\":\"https:\/\/hoaithu.azdigi.shop\/index.php\/san-pham\/mat-na-nghe-hung-yen-cocoon\/#breadcrumb\"},\"inLanguage\":\"vi\",\"potentialAction\":[{\"@type\":\"ReadAction\",\"target\":[\"https:\/\/hoaithu.azdigi.shop\/index.php\/san-pham\/mat-na-nghe-hung-yen-cocoon\/\"]}]},{\"@type\":\"ImageObject\",\"inLanguage\":\"vi\",\"@id\":\"https:\/\/hoaithu.azdigi.shop\/index.php\/san-pham\/mat-na-nghe-hung-yen-cocoon\/#primaryimage\",\"url\":\"https:\/\/hoaithu.azdigi.shop\/wp-content\/uploads\/2026\/04\/m11.jpg\",\"contentUrl\":\"https:\/\/hoaithu.azdigi.shop\/wp-content\/uploads\/2026\/04\/m11.jpg\",\"width\":1000,\"height\":1000},{\"@type\":\"BreadcrumbList\",\"@id\":\"https:\/\/hoaithu.azdigi.shop\/index.php\/san-pham\/mat-na-nghe-hung-yen-cocoon\/#breadcrumb\",\"itemListElement\":[{\"@type\":\"ListItem\",\"position\":1,\"name\":\"Trang ch\u1ee7\",\"item\":\"https:\/\/hoaithu.azdigi.shop\/\"},{\"@type\":\"ListItem\",\"position\":2,\"name\":\"C\u1eeda h\u00e0ng\",\"item\":\"https:\/\/hoaithu.azdigi.shop\/index.php\/cua-hang\/\"},{\"@type\":\"ListItem\",\"position\":3,\"name\":\"M\u1eb7t n\u1ea1 ngh\u1ec7 H\u01b0ng Y\u00ean Cocoon &#8211; D\u01b0\u1ee1ng s\u00e1ng da, m\u1edd th\u00e2m\"}]},{\"@type\":\"WebSite\",\"@id\":\"https:\/\/hoaithu.azdigi.shop\/#website\",\"url\":\"https:\/\/hoaithu.azdigi.shop\/\",\"name\":\"skincare\",\"description\":\"n\u00e2ng t\u1ea7m nhan s\u1eafc\",\"potentialAction\":[{\"@type\":\"SearchAction\",\"target\":{\"@type\":\"EntryPoint\",\"urlTemplate\":\"https:\/\/hoaithu.azdigi.shop\/?s={search_term_string}\"},\"query-input\":{\"@type\":\"PropertyValueSpecification\",\"valueRequired\":true,\"valueName\":\"search_term_string\"}}],\"inLanguage\":\"vi\"}]}<\/script>\n<!-- \/ Yoast SEO plugin. -->","yoast_head_json":{"title":"M\u1eb7t n\u1ea1 ngh\u1ec7 H\u01b0ng Y\u00ean Cocoon - D\u01b0\u1ee1ng s\u00e1ng da, m\u1edd th\u00e2m - skincare","description":"M\u1eb7t n\u1ea1 ngh\u1ec7 H\u01b0ng Y\u00ean Cocoon v\u1edbi tinh b\u1ed9t ngh\u1ec7 gi\u00e0u curcuminoid v\u00e0 Vitamin B3 gi\u00fap d\u01b0\u1ee1ng s\u00e1ng da, m\u1edd th\u00e2m m\u1ee5n v\u00e0 c\u1ea3i thi\u1ec7n b\u1ec1 m\u1eb7t da m\u1ecbn m\u00e0ng. Mua ngay!","robots":{"index":"index","follow":"follow","max-snippet":"max-snippet:-1","max-image-preview":"max-image-preview:large","max-video-preview":"max-video-preview:-1"},"canonical":"https:\/\/hoaithu.azdigi.shop\/index.php\/san-pham\/mat-na-nghe-hung-yen-cocoon\/","og_locale":"vi_VN","og_type":"article","og_title":"M\u1eb7t n\u1ea1 ngh\u1ec7 H\u01b0ng Y\u00ean Cocoon - D\u01b0\u1ee1ng s\u00e1ng da, m\u1edd th\u00e2m - skincare","og_description":"M\u1eb7t n\u1ea1 ngh\u1ec7 H\u01b0ng Y\u00ean Cocoon v\u1edbi tinh b\u1ed9t ngh\u1ec7 gi\u00e0u curcuminoid v\u00e0 Vitamin B3 gi\u00fap d\u01b0\u1ee1ng s\u00e1ng da, m\u1edd th\u00e2m m\u1ee5n v\u00e0 c\u1ea3i thi\u1ec7n b\u1ec1 m\u1eb7t da m\u1ecbn m\u00e0ng. Mua ngay!","og_url":"https:\/\/hoaithu.azdigi.shop\/index.php\/san-pham\/mat-na-nghe-hung-yen-cocoon\/","og_site_name":"skincare","article_modified_time":"2026-04-12T03:58:18+00:00","og_image":[{"width":1000,"height":1000,"url":"https:\/\/hoaithu.azdigi.shop\/wp-content\/uploads\/2026\/04\/m11.jpg","type":"image\/jpeg"}],"twitter_card":"summary_large_image","twitter_misc":{"\u01af\u1edbc t\u00ednh th\u1eddi gian \u0111\u1ecdc":"5 ph\u00fat"},"schema":{"@context":"https:\/\/schema.org","@graph":[{"@type":"WebPage","@id":"https:\/\/hoaithu.azdigi.shop\/index.php\/san-pham\/mat-na-nghe-hung-yen-cocoon\/","url":"https:\/\/hoaithu.azdigi.shop\/index.php\/san-pham\/mat-na-nghe-hung-yen-cocoon\/","name":"M\u1eb7t n\u1ea1 ngh\u1ec7 H\u01b0ng Y\u00ean Cocoon - D\u01b0\u1ee1ng s\u00e1ng da, m\u1edd th\u00e2m - skincare","isPartOf":{"@id":"https:\/\/hoaithu.azdigi.shop\/#website"},"primaryImageOfPage":{"@id":"https:\/\/hoaithu.azdigi.shop\/index.php\/san-pham\/mat-na-nghe-hung-yen-cocoon\/#primaryimage"},"image":{"@id":"https:\/\/hoaithu.azdigi.shop\/index.php\/san-pham\/mat-na-nghe-hung-yen-cocoon\/#primaryimage"},"thumbnailUrl":"https:\/\/hoaithu.azdigi.shop\/wp-content\/uploads\/2026\/04\/m11.jpg","datePublished":"2026-04-09T09:10:45+00:00","dateModified":"2026-04-12T03:58:18+00:00","description":"M\u1eb7t n\u1ea1 ngh\u1ec7 H\u01b0ng Y\u00ean Cocoon v\u1edbi tinh b\u1ed9t ngh\u1ec7 gi\u00e0u curcuminoid v\u00e0 Vitamin B3 gi\u00fap d\u01b0\u1ee1ng s\u00e1ng da, m\u1edd th\u00e2m m\u1ee5n v\u00e0 c\u1ea3i thi\u1ec7n b\u1ec1 m\u1eb7t da m\u1ecbn m\u00e0ng. Mua ngay!","breadcrumb":{"@id":"https:\/\/hoaithu.azdigi.shop\/index.php\/san-pham\/mat-na-nghe-hung-yen-cocoon\/#breadcrumb"},"inLanguage":"vi","potentialAction":[{"@type":"ReadAction","target":["https:\/\/hoaithu.azdigi.shop\/index.php\/san-pham\/mat-na-nghe-hung-yen-cocoon\/"]}]},{"@type":"ImageObject","inLanguage":"vi","@id":"https:\/\/hoaithu.azdigi.shop\/index.php\/san-pham\/mat-na-nghe-hung-yen-cocoon\/#primaryimage","url":"https:\/\/hoaithu.azdigi.shop\/wp-content\/uploads\/2026\/04\/m11.jpg","contentUrl":"https:\/\/hoaithu.azdigi.shop\/wp-content\/uploads\/2026\/04\/m11.jpg","width":1000,"height":1000},{"@type":"BreadcrumbList","@id":"https:\/\/hoaithu.azdigi.shop\/index.php\/san-pham\/mat-na-nghe-hung-yen-cocoon\/#breadcrumb","itemListElement":[{"@type":"ListItem","position":1,"name":"Trang ch\u1ee7","item":"https:\/\/hoaithu.azdigi.shop\/"},{"@type":"ListItem","position":2,"name":"C\u1eeda h\u00e0ng","item":"https:\/\/hoaithu.azdigi.shop\/index.php\/cua-hang\/"},{"@type":"ListItem","position":3,"name":"M\u1eb7t n\u1ea1 ngh\u1ec7 H\u01b0ng Y\u00ean Cocoon &#8211; D\u01b0\u1ee1ng s\u00e1ng da, m\u1edd th\u00e2m"}]},{"@type":"WebSite","@id":"https:\/\/hoaithu.azdigi.shop\/#website","url":"https:\/\/hoaithu.azdigi.shop\/","name":"skincare","description":"n\u00e2ng t\u1ea7m nhan s\u1eafc","potentialAction":[{"@type":"SearchAction","target":{"@type":"EntryPoint","urlTemplate":"https:\/\/hoaithu.azdigi.shop\/?s={search_term_string}"},"query-input":{"@type":"PropertyValueSpecification","valueRequired":true,"valueName":"search_term_string"}}],"inLanguage":"vi"}]}},"_links":{"self":[{"href":"https:\/\/hoaithu.azdigi.shop\/index.php\/wp-json\/wp\/v2\/product\/480","targetHints":{"allow":["GET"]}}],"collection":[{"href":"https:\/\/hoaithu.azdigi.shop\/index.php\/wp-json\/wp\/v2\/product"}],"about":[{"href":"https:\/\/hoaithu.azdigi.shop\/index.php\/wp-json\/wp\/v2\/types\/product"}],"replies":[{"embeddable":true,"href":"https:\/\/hoaithu.azdigi.shop\/index.php\/wp-json\/wp\/v2\/comments?post=480"}],"wp:featuredmedia":[{"embeddable":true,"href":"https:\/\/hoaithu.azdigi.shop\/index.php\/wp-json\/wp\/v2\/media\/488"}],"wp:attachment":[{"href":"https:\/\/hoaithu.azdigi.shop\/index.php\/wp-json\/wp\/v2\/media?parent=480"}],"wp:term":[{"taxonomy":"product_brand","embeddable":true,"href":"https:\/\/hoaithu.azdigi.shop\/index.php\/wp-json\/wp\/v2\/product_brand?post=480"},{"taxonomy":"product_cat","embeddable":true,"href":"https:\/\/hoaithu.azdigi.shop\/index.php\/wp-json\/wp\/v2\/product_cat?post=480"},{"taxonomy":"product_tag","embeddable":true,"href":"https:\/\/hoaithu.azdigi.shop\/index.php\/wp-json\/wp\/v2\/product_tag?post=480"}],"curies":[{"name":"wp","href":"https:\/\/api.w.org\/{rel}","templated":true}]}}