{"id":184,"date":"2026-03-24T16:28:13","date_gmt":"2026-03-24T16:28:13","guid":{"rendered":"https:\/\/hoaithu.azdigi.shop\/index.php\/gio-hang\/"},"modified":"2026-03-24T17:23:30","modified_gmt":"2026-03-24T17:23:30","slug":"gio-hang","status":"publish","type":"page","link":"https:\/\/hoaithu.azdigi.shop\/index.php\/gio-hang\/","title":{"rendered":"Gi\u1ecf h\u00e0ng"},"content":{"rendered":"\n<div data-block-name=\"woocommerce\/cart\" class=\"wp-block-woocommerce-cart alignwide is-loading\">\n<div data-block-name=\"woocommerce\/filled-cart-block\" class=\"wp-block-woocommerce-filled-cart-block\">\n<div data-block-name=\"woocommerce\/cart-items-block\" class=\"wp-block-woocommerce-cart-items-block\">\n<div data-block-name=\"woocommerce\/cart-line-items-block\" class=\"wp-block-woocommerce-cart-line-items-block\"><\/div>\n\n\n<\/div>\n\n\n\n\n<div data-block-name=\"woocommerce\/cart-totals-block\" class=\"wp-block-woocommerce-cart-totals-block\">\n<div data-block-name=\"woocommerce\/cart-order-summary-block\" class=\"wp-block-woocommerce-cart-order-summary-block\">\n<div data-block-name=\"woocommerce\/cart-order-summary-heading-block\" class=\"wp-block-woocommerce-cart-order-summary-heading-block\"><\/div><div data-block-name=\"woocommerce\/cart-order-summary-coupon-form-block\" class=\"wp-block-woocommerce-cart-order-summary-coupon-form-block\"><\/div><div data-block-name=\"woocommerce\/cart-order-summary-totals-block\" class=\"wp-block-woocommerce-cart-order-summary-totals-block\">\n<div data-block-name=\"woocommerce\/cart-order-summary-subtotal-block\" class=\"wp-block-woocommerce-cart-order-summary-subtotal-block\"><\/div>\n<div data-block-name=\"woocommerce\/cart-order-summary-discount-block\" class=\"wp-block-woocommerce-cart-order-summary-discount-block\"><\/div>\n<div data-block-name=\"woocommerce\/cart-order-summary-fee-block\" class=\"wp-block-woocommerce-cart-order-summary-fee-block\"><\/div>\n<div data-block-name=\"woocommerce\/cart-order-summary-shipping-block\" class=\"wp-block-woocommerce-cart-order-summary-shipping-block\"><\/div>\n<div data-block-name=\"woocommerce\/cart-order-summary-taxes-block\" class=\"wp-block-woocommerce-cart-order-summary-taxes-block\"><\/div><\/div>\n<\/div>\n\n\n\n<div data-block-name=\"woocommerce\/cart-express-payment-block\" class=\"wp-block-woocommerce-cart-express-payment-block\"><\/div>\n\n\n\n<div data-block-name=\"woocommerce\/proceed-to-checkout-block\" class=\"wp-block-woocommerce-proceed-to-checkout-block\"><\/div>\n\n\n\n<div data-block-name=\"woocommerce\/cart-accepted-payment-methods-block\" class=\"wp-block-woocommerce-cart-accepted-payment-methods-block\"><\/div>\n<\/div>\n<\/div>\n\n\n\n<div data-block-name=\"woocommerce\/empty-cart-block\" class=\"wp-block-woocommerce-empty-cart-block\">\n<h2 class=\"wp-block-heading has-text-align-center with-empty-cart-icon wc-block-cart__empty-cart__title\">Gi\u1ecf h\u00e0ng hi\u1ec7n t\u1ea1i ch\u01b0a c\u00f3 s\u1ea3n ph\u1ea9m n\u00e0o!<\/h2>\n\n\n\n<hr class=\"wp-block-separator has-alpha-channel-opacity is-style-dots\"\/>\n\n\n\n<h2 class=\"wp-block-heading has-text-align-center\">M\u1edbi trong c\u1eeda h\u00e0ng<\/h2>\n\n\n<div data-block-name=\"woocommerce\/product-new\" data-columns=\"4\" data-rows=\"1\" class=\"wc-block-grid wp-block-product-new wp-block-woocommerce-product-new wc-block-product-new has-4-columns\"><ul class=\"wc-block-grid__products\"><li class=\"wc-block-grid__product\">\n\t\t\t\t<a href=\"https:\/\/hoaithu.azdigi.shop\/index.php\/san-pham\/tay-da-chet-mat-cocoon-ca-phe-dak-lak\/\" class=\"wc-block-grid__product-link\">\n\t\t\t\t\t\n\t\t\t\t\t<div class=\"wc-block-grid__product-image\"><img loading=\"lazy\" decoding=\"async\" width=\"300\" height=\"300\" src=\"https:\/\/hoaithu.azdigi.shop\/wp-content\/uploads\/2026\/04\/5-3-300x300.jpg\" class=\"attachment-woocommerce_thumbnail size-woocommerce_thumbnail\" alt=\"T\u1ea9y da ch\u1ebft m\u1eb7t Cocoon C\u00e0 ph\u00ea \u0110\u1eafk L\u1eafk 150ml\" srcset=\"https:\/\/hoaithu.azdigi.shop\/wp-content\/uploads\/2026\/04\/5-3-300x300.jpg 300w, https:\/\/hoaithu.azdigi.shop\/wp-content\/uploads\/2026\/04\/5-3-150x150.jpg 150w, https:\/\/hoaithu.azdigi.shop\/wp-content\/uploads\/2026\/04\/5-3-768x768.jpg 768w, https:\/\/hoaithu.azdigi.shop\/wp-content\/uploads\/2026\/04\/5-3-600x600.jpg 600w, https:\/\/hoaithu.azdigi.shop\/wp-content\/uploads\/2026\/04\/5-3-100x100.jpg 100w, https:\/\/hoaithu.azdigi.shop\/wp-content\/uploads\/2026\/04\/5-3.jpg 1024w\" sizes=\"auto, (max-width: 300px) 100vw, 300px\" \/><\/div>\n\t\t\t\t\t<div class=\"wc-block-grid__product-title\">T\u1ea9y da ch\u1ebft m\u1eb7t Cocoon C\u00e0 ph\u00ea \u0110\u1eafk L\u1eafk 150ml<\/div>\n\t\t\t\t<\/a>\n\t\t\t\t<div class=\"wc-block-grid__product-price price\"><span class=\"woocommerce-Price-amount amount\"><span class=\"woocommerce-Price-currencySymbol\">&#8363;<\/span>172.000<\/span><\/div>\n\t\t\t\t\n\t\t\t\t<div class=\"wp-block-button wc-block-grid__product-add-to-cart\"><a href=\"https:\/\/hoaithu.azdigi.shop\/index.php\/san-pham\/tay-da-chet-mat-cocoon-ca-phe-dak-lak\/\" aria-label=\"L\u1ef1a ch\u1ecdn cho &ldquo;T\u1ea9y da ch\u1ebft m\u1eb7t Cocoon C\u00e0 ph\u00ea \u0110\u1eafk L\u1eafk 150ml&rdquo;\" data-quantity=\"1\" data-product_id=\"718\" data-product_sku=\"\" data-price=\"172000\" rel=\"nofollow\" class=\"wp-block-button__link  add_to_cart_button\">Ch\u1ecdn<\/a><\/div>\n\t\t\t<\/li><li class=\"wc-block-grid__product\">\n\t\t\t\t<a href=\"https:\/\/hoaithu.azdigi.shop\/index.php\/san-pham\/bioderma-sebium-kerato-30ml\/\" class=\"wc-block-grid__product-link\">\n\t\t\t\t\t\n\t\t\t\t\t<div class=\"wc-block-grid__product-image\"><img loading=\"lazy\" decoding=\"async\" width=\"300\" height=\"300\" src=\"https:\/\/hoaithu.azdigi.shop\/wp-content\/uploads\/2026\/04\/10-3-300x300.jpg\" class=\"attachment-woocommerce_thumbnail size-woocommerce_thumbnail\" alt=\"Bioderma S\u00e9bium Kerato+ 30ml - Gi\u1ea3m M\u1ee5n &amp; Th\u00e2m Sau 2 Ng\u00e0y\" srcset=\"https:\/\/hoaithu.azdigi.shop\/wp-content\/uploads\/2026\/04\/10-3-300x300.jpg 300w, https:\/\/hoaithu.azdigi.shop\/wp-content\/uploads\/2026\/04\/10-3-150x150.jpg 150w, https:\/\/hoaithu.azdigi.shop\/wp-content\/uploads\/2026\/04\/10-3-100x100.jpg 100w\" sizes=\"auto, (max-width: 300px) 100vw, 300px\" \/><\/div>\n\t\t\t\t\t<div class=\"wc-block-grid__product-title\">Bioderma S\u00e9bium Kerato+ 30ml &#8211; Gi\u1ea3m M\u1ee5n &amp; Th\u00e2m Sau 2 Ng\u00e0y<\/div>\n\t\t\t\t<\/a>\n\t\t\t\t<div class=\"wc-block-grid__product-price price\"><span class=\"woocommerce-Price-amount amount\"><span class=\"woocommerce-Price-currencySymbol\">&#8363;<\/span>465.000<\/span><\/div>\n\t\t\t\t\n\t\t\t\t<div class=\"wp-block-button wc-block-grid__product-add-to-cart\"><a href=\"https:\/\/hoaithu.azdigi.shop\/index.php\/san-pham\/bioderma-sebium-kerato-30ml\/\" aria-label=\"L\u1ef1a ch\u1ecdn cho &ldquo;Bioderma S\u00e9bium Kerato+ 30ml - Gi\u1ea3m M\u1ee5n &amp; Th\u00e2m Sau 2 Ng\u00e0y&rdquo;\" data-quantity=\"1\" data-product_id=\"707\" data-product_sku=\"\" data-price=\"465000\" rel=\"nofollow\" class=\"wp-block-button__link  add_to_cart_button\">Ch\u1ecdn<\/a><\/div>\n\t\t\t<\/li><li class=\"wc-block-grid__product\">\n\t\t\t\t<a href=\"https:\/\/hoaithu.azdigi.shop\/index.php\/san-pham\/nuoc-tay-trang-chua-ceramides\/\" class=\"wc-block-grid__product-link\">\n\t\t\t\t\t\n\t\t\t\t\t<div class=\"wc-block-grid__product-image\"><img loading=\"lazy\" decoding=\"async\" width=\"300\" height=\"300\" src=\"https:\/\/hoaithu.azdigi.shop\/wp-content\/uploads\/2026\/04\/3-4-300x300.webp\" class=\"attachment-woocommerce_thumbnail size-woocommerce_thumbnail\" alt=\"N\u01b0\u1edbc t\u1ea9y trang ch\u1ee9a Ceramides s\u1ea1ch s\u00e2u d\u01b0\u1ee1ng \u1ea9m 295ml.\" srcset=\"https:\/\/hoaithu.azdigi.shop\/wp-content\/uploads\/2026\/04\/3-4-300x300.webp 300w, https:\/\/hoaithu.azdigi.shop\/wp-content\/uploads\/2026\/04\/3-4-150x150.webp 150w, https:\/\/hoaithu.azdigi.shop\/wp-content\/uploads\/2026\/04\/3-4-100x100.webp 100w\" sizes=\"auto, (max-width: 300px) 100vw, 300px\" \/><\/div>\n\t\t\t\t\t<div class=\"wc-block-grid__product-title\">N\u01b0\u1edbc t\u1ea9y trang ch\u1ee9a Ceramides s\u1ea1ch s\u00e2u d\u01b0\u1ee1ng \u1ea9m 295ml.<\/div>\n\t\t\t\t<\/a>\n\t\t\t\t<div class=\"wc-block-grid__product-price price\"><span class=\"woocommerce-Price-amount amount\"><span class=\"woocommerce-Price-currencySymbol\">&#8363;<\/span>357.000<\/span><\/div>\n\t\t\t\t\n\t\t\t\t<div class=\"wp-block-button wc-block-grid__product-add-to-cart\"><a href=\"https:\/\/hoaithu.azdigi.shop\/index.php\/san-pham\/nuoc-tay-trang-chua-ceramides\/\" aria-label=\"L\u1ef1a ch\u1ecdn cho &ldquo;N\u01b0\u1edbc t\u1ea9y trang ch\u1ee9a Ceramides s\u1ea1ch s\u00e2u d\u01b0\u1ee1ng \u1ea9m 295ml.&rdquo;\" data-quantity=\"1\" data-product_id=\"697\" data-product_sku=\"\" data-price=\"357000\" rel=\"nofollow\" class=\"wp-block-button__link  add_to_cart_button\">Ch\u1ecdn<\/a><\/div>\n\t\t\t<\/li><li class=\"wc-block-grid__product\">\n\t\t\t\t<a href=\"https:\/\/hoaithu.azdigi.shop\/index.php\/san-pham\/gel-rua-mat-neutrogena-hydro-boost\/\" class=\"wc-block-grid__product-link\">\n\t\t\t\t\t\n\t\t\t\t\t<div class=\"wc-block-grid__product-image\"><img loading=\"lazy\" decoding=\"async\" width=\"300\" height=\"300\" src=\"https:\/\/hoaithu.azdigi.shop\/wp-content\/uploads\/2026\/04\/3-2-300x300.webp\" class=\"attachment-woocommerce_thumbnail size-woocommerce_thumbnail\" alt=\"Gel R\u1eeda M\u1eb7t Neutrogena Hydro Boost D\u1ecbu Nh\u1eb9 Cho Da 145ml\" srcset=\"https:\/\/hoaithu.azdigi.shop\/wp-content\/uploads\/2026\/04\/3-2-300x300.webp 300w, https:\/\/hoaithu.azdigi.shop\/wp-content\/uploads\/2026\/04\/3-2-150x150.webp 150w, https:\/\/hoaithu.azdigi.shop\/wp-content\/uploads\/2026\/04\/3-2-768x768.webp 768w, https:\/\/hoaithu.azdigi.shop\/wp-content\/uploads\/2026\/04\/3-2-600x600.webp 600w, https:\/\/hoaithu.azdigi.shop\/wp-content\/uploads\/2026\/04\/3-2-100x100.webp 100w, https:\/\/hoaithu.azdigi.shop\/wp-content\/uploads\/2026\/04\/3-2.webp 1000w\" sizes=\"auto, (max-width: 300px) 100vw, 300px\" \/><\/div>\n\t\t\t\t\t<div class=\"wc-block-grid__product-title\">Gel R\u1eeda M\u1eb7t Neutrogena Hydro Boost D\u1ecbu Nh\u1eb9 Cho Da 145ml<\/div>\n\t\t\t\t<\/a>\n\t\t\t\t<div class=\"wc-block-grid__product-price price\"><span class=\"woocommerce-Price-amount amount\"><span class=\"woocommerce-Price-currencySymbol\">&#8363;<\/span>350.000<\/span><\/div>\n\t\t\t\t\n\t\t\t\t<div class=\"wp-block-button wc-block-grid__product-add-to-cart\"><a href=\"https:\/\/hoaithu.azdigi.shop\/index.php\/san-pham\/gel-rua-mat-neutrogena-hydro-boost\/\" aria-label=\"L\u1ef1a ch\u1ecdn cho &ldquo;Gel R\u1eeda M\u1eb7t Neutrogena Hydro Boost D\u1ecbu Nh\u1eb9 Cho Da 145ml&rdquo;\" data-quantity=\"1\" data-product_id=\"684\" data-product_sku=\"\" data-price=\"350000\" rel=\"nofollow\" class=\"wp-block-button__link  add_to_cart_button\">Ch\u1ecdn<\/a><\/div>\n\t\t\t<\/li><\/ul><\/div><\/div>\n<\/div>\n","protected":false},"excerpt":{"rendered":"","protected":false},"author":1,"featured_media":0,"parent":0,"menu_order":0,"comment_status":"closed","ping_status":"closed","template":"","meta":{"footnotes":""},"class_list":["post-184","page","type-page","status-publish","hentry"],"yoast_head":"<!-- This site is optimized with the Yoast SEO plugin v27.0 - https:\/\/yoast.com\/product\/yoast-seo-wordpress\/ -->\n<title>Gi\u1ecf h\u00e0ng - skincare<\/title>\n<meta name=\"robots\" content=\"index, follow, max-snippet:-1, max-image-preview:large, max-video-preview:-1\" \/>\n<link rel=\"canonical\" href=\"https:\/\/hoaithu.azdigi.shop\/index.php\/gio-hang\/\" \/>\n<meta property=\"og:locale\" content=\"vi_VN\" \/>\n<meta property=\"og:type\" content=\"article\" \/>\n<meta property=\"og:title\" content=\"Gi\u1ecf h\u00e0ng - skincare\" \/>\n<meta property=\"og:url\" content=\"https:\/\/hoaithu.azdigi.shop\/index.php\/gio-hang\/\" \/>\n<meta property=\"og:site_name\" content=\"skincare\" \/>\n<meta property=\"article:modified_time\" content=\"2026-03-24T17:23:30+00:00\" \/>\n<meta name=\"twitter:card\" content=\"summary_large_image\" \/>\n<script type=\"application\/ld+json\" class=\"yoast-schema-graph\">{\"@context\":\"https:\/\/schema.org\",\"@graph\":[{\"@type\":\"WebPage\",\"@id\":\"https:\/\/hoaithu.azdigi.shop\/index.php\/gio-hang\/\",\"url\":\"https:\/\/hoaithu.azdigi.shop\/index.php\/gio-hang\/\",\"name\":\"Gi\u1ecf h\u00e0ng - skincare\",\"isPartOf\":{\"@id\":\"https:\/\/hoaithu.azdigi.shop\/#website\"},\"datePublished\":\"2026-03-24T16:28:13+00:00\",\"dateModified\":\"2026-03-24T17:23:30+00:00\",\"breadcrumb\":{\"@id\":\"https:\/\/hoaithu.azdigi.shop\/index.php\/gio-hang\/#breadcrumb\"},\"inLanguage\":\"vi\",\"potentialAction\":[{\"@type\":\"ReadAction\",\"target\":[\"https:\/\/hoaithu.azdigi.shop\/index.php\/gio-hang\/\"]}]},{\"@type\":\"BreadcrumbList\",\"@id\":\"https:\/\/hoaithu.azdigi.shop\/index.php\/gio-hang\/#breadcrumb\",\"itemListElement\":[{\"@type\":\"ListItem\",\"position\":1,\"name\":\"Trang ch\u1ee7\",\"item\":\"https:\/\/hoaithu.azdigi.shop\/\"},{\"@type\":\"ListItem\",\"position\":2,\"name\":\"Gi\u1ecf h\u00e0ng\"}]},{\"@type\":\"WebSite\",\"@id\":\"https:\/\/hoaithu.azdigi.shop\/#website\",\"url\":\"https:\/\/hoaithu.azdigi.shop\/\",\"name\":\"skincare\",\"description\":\"n\u00e2ng t\u1ea7m nhan s\u1eafc\",\"potentialAction\":[{\"@type\":\"SearchAction\",\"target\":{\"@type\":\"EntryPoint\",\"urlTemplate\":\"https:\/\/hoaithu.azdigi.shop\/?s={search_term_string}\"},\"query-input\":{\"@type\":\"PropertyValueSpecification\",\"valueRequired\":true,\"valueName\":\"search_term_string\"}}],\"inLanguage\":\"vi\"}]}<\/script>\n<!-- \/ Yoast SEO plugin. -->","yoast_head_json":{"title":"Gi\u1ecf h\u00e0ng - skincare","robots":{"index":"index","follow":"follow","max-snippet":"max-snippet:-1","max-image-preview":"max-image-preview:large","max-video-preview":"max-video-preview:-1"},"canonical":"https:\/\/hoaithu.azdigi.shop\/index.php\/gio-hang\/","og_locale":"vi_VN","og_type":"article","og_title":"Gi\u1ecf h\u00e0ng - skincare","og_url":"https:\/\/hoaithu.azdigi.shop\/index.php\/gio-hang\/","og_site_name":"skincare","article_modified_time":"2026-03-24T17:23:30+00:00","twitter_card":"summary_large_image","schema":{"@context":"https:\/\/schema.org","@graph":[{"@type":"WebPage","@id":"https:\/\/hoaithu.azdigi.shop\/index.php\/gio-hang\/","url":"https:\/\/hoaithu.azdigi.shop\/index.php\/gio-hang\/","name":"Gi\u1ecf h\u00e0ng - skincare","isPartOf":{"@id":"https:\/\/hoaithu.azdigi.shop\/#website"},"datePublished":"2026-03-24T16:28:13+00:00","dateModified":"2026-03-24T17:23:30+00:00","breadcrumb":{"@id":"https:\/\/hoaithu.azdigi.shop\/index.php\/gio-hang\/#breadcrumb"},"inLanguage":"vi","potentialAction":[{"@type":"ReadAction","target":["https:\/\/hoaithu.azdigi.shop\/index.php\/gio-hang\/"]}]},{"@type":"BreadcrumbList","@id":"https:\/\/hoaithu.azdigi.shop\/index.php\/gio-hang\/#breadcrumb","itemListElement":[{"@type":"ListItem","position":1,"name":"Trang ch\u1ee7","item":"https:\/\/hoaithu.azdigi.shop\/"},{"@type":"ListItem","position":2,"name":"Gi\u1ecf h\u00e0ng"}]},{"@type":"WebSite","@id":"https:\/\/hoaithu.azdigi.shop\/#website","url":"https:\/\/hoaithu.azdigi.shop\/","name":"skincare","description":"n\u00e2ng t\u1ea7m nhan s\u1eafc","potentialAction":[{"@type":"SearchAction","target":{"@type":"EntryPoint","urlTemplate":"https:\/\/hoaithu.azdigi.shop\/?s={search_term_string}"},"query-input":{"@type":"PropertyValueSpecification","valueRequired":true,"valueName":"search_term_string"}}],"inLanguage":"vi"}]}},"_links":{"self":[{"href":"https:\/\/hoaithu.azdigi.shop\/index.php\/wp-json\/wp\/v2\/pages\/184","targetHints":{"allow":["GET"]}}],"collection":[{"href":"https:\/\/hoaithu.azdigi.shop\/index.php\/wp-json\/wp\/v2\/pages"}],"about":[{"href":"https:\/\/hoaithu.azdigi.shop\/index.php\/wp-json\/wp\/v2\/types\/page"}],"author":[{"embeddable":true,"href":"https:\/\/hoaithu.azdigi.shop\/index.php\/wp-json\/wp\/v2\/users\/1"}],"replies":[{"embeddable":true,"href":"https:\/\/hoaithu.azdigi.shop\/index.php\/wp-json\/wp\/v2\/comments?post=184"}],"version-history":[{"count":1,"href":"https:\/\/hoaithu.azdigi.shop\/index.php\/wp-json\/wp\/v2\/pages\/184\/revisions"}],"predecessor-version":[{"id":191,"href":"https:\/\/hoaithu.azdigi.shop\/index.php\/wp-json\/wp\/v2\/pages\/184\/revisions\/191"}],"wp:attachment":[{"href":"https:\/\/hoaithu.azdigi.shop\/index.php\/wp-json\/wp\/v2\/media?parent=184"}],"curies":[{"name":"wp","href":"https:\/\/api.w.org\/{rel}","templated":true}]}}